{"id":410,"date":"2022-05-03T08:14:36","date_gmt":"2022-05-03T07:14:36","guid":{"rendered":"http:\/\/ikusiker.eus\/?page_id=410"},"modified":"2022-08-26T12:34:40","modified_gmt":"2022-08-26T11:34:40","slug":"aviso-legal","status":"publish","type":"page","link":"https:\/\/ikusiker.eus\/es\/aviso-legal\/","title":{"rendered":"Aviso legal"},"content":{"rendered":"<section class=\"l-section wpb_row us_custom_9c1ae47d height_small with_img\"><div class=\"l-section-img\" role=\"img\" aria-label=\"Imagen\" data-img-width=\"1920\" data-img-height=\"124\" style=\"background-image: url(https:\/\/ikusiker.eus\/wp-content\/uploads\/2022\/05\/Breadcrumbs.png);background-position: bottom center;background-repeat: no-repeat;background-size: auto;\"><\/div><div class=\"l-section-h i-cf\"><div class=\"g-cols vc_row via_flex valign_top type_default stacking_default\"><div class=\"vc_col-sm-12 wpb_column vc_column_container\"><div class=\"vc_column-inner\"><div class=\"wpb_wrapper\"><nav class=\"g-breadcrumbs us_custom_6df4bc3a has_text_color separator_icon align_none\" itemscope itemtype=\"http:\/\/schema.org\/BreadcrumbList\"><div class=\"g-breadcrumbs-item\" itemscope itemprop=\"itemListElement\" itemtype=\"http:\/\/schema.org\/ListItem\"><a itemprop=\"item\" href=\"http:\/\/ikusiker.eus\/es\/\"><span itemprop=\"name\">Inicio<\/span><\/a><meta itemprop=\"position\" content=\"1\"\/><\/div><div class=\"g-breadcrumbs-separator\"><i class=\"far fa-angle-right\"><\/i><\/div><div class=\"g-breadcrumbs-item\">P\u00e1ginas<\/div><\/nav><\/div><\/div><\/div><\/div><\/div><\/section><section class=\"l-section wpb_row height_small\"><div class=\"l-section-h i-cf\"><div class=\"g-cols vc_row via_flex valign_top type_default stacking_default\"><div class=\"vc_col-sm-12 wpb_column vc_column_container\"><div class=\"vc_column-inner\"><div class=\"wpb_wrapper\"><h2 class=\"w-post-elm post_title entry-title color_link_inherit\">Aviso legal<\/h2><div class=\"wpb_text_column\"><div class=\"wpb_wrapper\"><p>En cumplimiento de la Ley 34\/2002, de 11 de julio, de Servicios de la Sociedad de la Informaci\u00f3n y de Comercio Electr\u00f3nico, le informamos que el titular del sitio web <a href=\"http:\/\/www.ikusiker.eus\"><u>www.ikusiker.eus<\/u><\/a>\u00a0es:<\/p>\n<p>NOMBRE DE LA ENTIDAD: Ikusiker Ikus-entzunezkoen behategia<br \/>\nNIF: Q4818001B<br \/>\nDIRECCI\u00d3N: UPV\/EHUko Gizarte eta Komunikazio Zientzien Fakultatea, Sarriena auzoa z\/g, Leioa, 48940, Bizkaia.<br \/>\nTEL\u00c9FONO: 747414355<br \/>\nE-MAIL: <a href=\"mailto:ikusiker@ehu.eus\"><u>ikusiker@ehu.eus<\/u><\/a><\/p>\n<h3 class=\"Textbody\"><span class=\"StrongEmphasis\">1. Responsabilidades y garant\u00edas<\/span><\/h3>\n<p>El usuario podr\u00e1 acceder al sitio web <a href=\"http:\/\/www.ikusiker.eus\"><u>www.ikusiker.eus<\/u><\/a> por voluntad propia. Navegar por este sitio web supone que el usuario conoce y acepta sus indicaciones legales, sus condiciones de uso y su pol\u00edtica de privacidad.<\/p>\n<p>Cualquier uso de la informaci\u00f3n contenida en este sitio web ser\u00e1 \u00fanica y exclusivamente responsabilidad del usuario. As\u00ed, el usuario deber\u00e1 comprometerse a utilizar la informaci\u00f3n de acuerdo con el objetivo del sitio web.<\/p>\n<p>Por tanto, el usuario no podr\u00e1 dar un uso il\u00edcito a la informaci\u00f3n del sitio web.<\/p>\n<p>Se proh\u00edbe a los usuarios introducir o informar sobre contenidos falsos o err\u00f3neos. El usuario ser\u00e1, por tanto, el \u00fanico responsable de los da\u00f1os causados con los datos que aporte.<\/p>\n<p>Se proh\u00edbe utilizar datos personales de terceros sin su consentimiento. Asimismo, se proh\u00edbe utilizar datos de identificaci\u00f3n de terceros para ponerse en el lugar de otra persona o entidad.<\/p>\n<p>Ikusiker Ikus-entzunezkoen behategia hace un gran esfuerzo para que no haya errores en los contenidos publicados en el sitio web. Por tanto, se reserva el derecho de modificarlosen cualquier momento. Ikusiker Ikus-entzunezkoen renuncia expresamente a la responsabilidad derivada de errores u omisiones en los contenidos de este sitio web, as\u00ed como a la responsabilidad derivada de los da\u00f1os y perjuicios derivados de la falta de veracidad, exactitud y actualizaci\u00f3n de estos. Este sitio web puede incluir enlaces de otros sitios web. Ikusiker Ikus-entzunezkoen no se hace responsable de ninguno de los contenidos de los sitios enlazados. El objetivo de esos servicios es, precisamente, proporcionar a los usuarios otras fuentes de informaci\u00f3n; por tanto, el usuario acceder\u00e1 a ellas bajo su \u00fanica responsabilidad, atendiendo a las condiciones reguladas en las mismas.<\/p>\n<p>Ikusiker Ikus-entzunezkoen behategia no ser\u00e1 responsable de ninguna consecuencia o perjuicio derivado del uso de este sitio web o de su contenido, incluidos los da\u00f1os inform\u00e1ticos y la inserci\u00f3n de virus.<\/p>\n<p>Ikusiker Ikus-entzunezkoen behategia se reserva el derecho a modificar o eliminar en cualquier momento, sin previo aviso o explicaci\u00f3n, el dise\u00f1o, la configuraci\u00f3n y la informaci\u00f3n contenida en este sitio web, siempre que lo consideren necesario.<\/p>\n<p>Ikusiker Ikus-entzunezkoen behategia no se har\u00e1 responsable de los da\u00f1os que dichas modificaciones pudieran suponer. No obstante, utilizar\u00e1 todos los medios a su alcance para informar a los usuarios de dichas modificaciones.<\/p>\n<ol start=\"2\">\n<li>\n<h3>Propiedad intelectual e industrial<\/h3>\n<\/li>\n<\/ol>\n<p>Los contenidos de este sitio web (excepto los datos personales) poseen la licencia Creative Commons Reconocimiento \u2013 Compartir Igual (CC-BY-SA) 4.0<\/p>\n<p>Esta licencia otorga al usuario los siguientes derechos:<\/p>\n<ul>\n<li>Compartir: puede copiar y distribuir los contenidos en cualquier medio y formato.<\/li>\n<li>Adecuar: puede reutilizar los contenidos y crear obras derivadas, incluso con fines comerciales.<\/li>\n<\/ul>\n<p>Siempre y cuando se cumplan las siguientes condiciones:<\/p>\n<ul>\n<li>Reconocer: se debe reconocer la autor\u00eda del sitio web, a\u00f1adir un enlace a la licencia e indicar si se han realizado modificaciones, pero no de una manera que d\u00e9 a entender que este sitio web apoya el uso de quien lo hace.<\/li>\n<li>Compartir Igual: si se crea un trabajo derivado, se debe distribuir con la misma licencia.<\/li>\n<li>Sin restricciones adicionales: no se puede limitar lo que permite la licencia a trav\u00e9s de medidas legales o tecnol\u00f3gicas.<\/li>\n<\/ul>\n<p>El incumplimiento de las condiciones que impone la licencia en la utilizaci\u00f3n de los contenidos del sitio web dar\u00e1 lugar al ejercicio de las acciones legales que correspondan y, en su caso, al cumplimiento de las responsabilidades que se deriven de su ejercicio.<\/p>\n<ol start=\"3\">\n<li>\n<h3>Modificaciones<\/h3>\n<\/li>\n<\/ol>\n<p>Todas estas condiciones podr\u00e1n ser modificadas si Ikusiker Ikus-entzunezkoen behategia lo considera oportuno en alg\u00fan momento, tanto para adecuarse a las modificaciones legislativas como para introducir otras mejoras. Estas modificaciones entrar\u00e1n en vigor desde el momento en que se publiquen en este sitio web.<\/p>\n<ol start=\"4\">\n<li>\n<h3>Jurisdicci\u00f3n<\/h3>\n<\/li>\n<\/ol>\n<p>La relaci\u00f3n surgida entre Ikusiker Ikus-entzunezkoen behategia y el usuario se regir\u00e1 por lo dispuesto en la normativa vigente sobre legislaci\u00f3n aplicable y jurisdicci\u00f3n competente. No obstante, cuando la normativa prevea que las partes deben someterse a una competencia, Ikusiker Ikus-entzunezkoen behategia y el usuario, con renuncia expresa a cualquier competencia que les corresponda, se someter\u00e1n a los Juzgados y Tribunales de Donostia-San Sebasti\u00e1n.<\/p>\n<\/div><\/div><\/div><\/div><\/div><\/div><\/div><\/section>\n","protected":false},"excerpt":{"rendered":"InicioP\u00e1ginasAviso legalEn cumplimiento de la Ley 34\/2002, de 11 de julio, de Servicios de la Sociedad de la Informaci\u00f3n y de Comercio Electr\u00f3nico, le informamos que el titular del sitio web www.ikusiker.eus\u00a0es: NOMBRE DE LA ENTIDAD: Ikusiker Ikus-entzunezkoen behategia NIF: Q4818001B DIRECCI\u00d3N: UPV\/EHUko Gizarte eta Komunikazio Zientzien Fakultatea, Sarriena auzoa z\/g, Leioa, 48940, Bizkaia. TEL\u00c9FONO:...","protected":false},"author":3,"featured_media":0,"parent":0,"menu_order":0,"comment_status":"closed","ping_status":"closed","template":"","meta":{"_acf_changed":false,"footnotes":""},"class_list":["post-410","page","type-page","status-publish","hentry"],"acf":[],"_links":{"self":[{"href":"https:\/\/ikusiker.eus\/es\/wp-json\/wp\/v2\/pages\/410","targetHints":{"allow":["GET"]}}],"collection":[{"href":"https:\/\/ikusiker.eus\/es\/wp-json\/wp\/v2\/pages"}],"about":[{"href":"https:\/\/ikusiker.eus\/es\/wp-json\/wp\/v2\/types\/page"}],"author":[{"embeddable":true,"href":"https:\/\/ikusiker.eus\/es\/wp-json\/wp\/v2\/users\/3"}],"replies":[{"embeddable":true,"href":"https:\/\/ikusiker.eus\/es\/wp-json\/wp\/v2\/comments?post=410"}],"version-history":[{"count":10,"href":"https:\/\/ikusiker.eus\/es\/wp-json\/wp\/v2\/pages\/410\/revisions"}],"predecessor-version":[{"id":1459,"href":"https:\/\/ikusiker.eus\/es\/wp-json\/wp\/v2\/pages\/410\/revisions\/1459"}],"wp:attachment":[{"href":"https:\/\/ikusiker.eus\/es\/wp-json\/wp\/v2\/media?parent=410"}],"curies":[{"name":"wp","href":"https:\/\/api.w.org\/{rel}","templated":true}]}}