{"id":368,"date":"2022-05-02T11:40:29","date_gmt":"2022-05-02T10:40:29","guid":{"rendered":"http:\/\/ikusiker.eus\/?page_id=368"},"modified":"2022-08-01T08:01:42","modified_gmt":"2022-08-01T07:01:42","slug":"ikusarea","status":"publish","type":"page","link":"https:\/\/ikusiker.eus\/es\/ikusarea\/","title":{"rendered":"Ikusarea"},"content":{"rendered":"<section class=\"l-section wpb_row us_custom_9c1ae47d height_small with_img\"><div class=\"l-section-img\" role=\"img\" aria-label=\"Imagen\" data-img-width=\"1920\" data-img-height=\"124\" style=\"background-image: url(https:\/\/ikusiker.eus\/wp-content\/uploads\/2022\/05\/Breadcrumbs.png);background-position: bottom center;background-repeat: no-repeat;background-size: auto;\"><\/div><div class=\"l-section-h i-cf\"><div class=\"g-cols vc_row via_flex valign_top type_default stacking_default\"><div class=\"vc_col-sm-12 wpb_column vc_column_container\"><div class=\"vc_column-inner\"><div class=\"wpb_wrapper\"><nav class=\"g-breadcrumbs us_custom_6df4bc3a has_text_color separator_icon align_none\" itemscope itemtype=\"http:\/\/schema.org\/BreadcrumbList\"><div class=\"g-breadcrumbs-item\" itemscope itemprop=\"itemListElement\" itemtype=\"http:\/\/schema.org\/ListItem\"><a itemprop=\"item\" href=\"http:\/\/ikusiker.eus\/es\/\"><span itemprop=\"name\">Inicio<\/span><\/a><meta itemprop=\"position\" content=\"1\"\/><\/div><div class=\"g-breadcrumbs-separator\"><i class=\"far fa-angle-right\"><\/i><\/div><div class=\"g-breadcrumbs-item\">P\u00e1ginas<\/div><\/nav><\/div><\/div><\/div><\/div><\/div><\/section><section class=\"l-section wpb_row height_medium\"><div class=\"l-section-h i-cf\"><div class=\"g-cols vc_row via_flex valign_top type_default stacking_default\"><div class=\"vc_col-sm-3 wpb_column vc_column_container\"><div class=\"vc_column-inner\"><div class=\"wpb_wrapper\"><div class=\"w-image align_none\"><div class=\"w-image-h\"><img decoding=\"async\" width=\"316\" height=\"144\" src=\"https:\/\/ikusiker.eus\/wp-content\/uploads\/2022\/05\/ikusarea.png\" class=\"attachment-full size-full\" alt=\"\" loading=\"lazy\" srcset=\"https:\/\/ikusiker.eus\/wp-content\/uploads\/2022\/05\/ikusarea.png 316w, https:\/\/ikusiker.eus\/wp-content\/uploads\/2022\/05\/ikusarea-300x137.png 300w\" sizes=\"auto, (max-width: 316px) 100vw, 316px\" \/><\/div><\/div><\/div><\/div><\/div><div class=\"vc_col-sm-9 wpb_column vc_column_container\"><div class=\"vc_column-inner\"><div class=\"wpb_wrapper\"><div class=\"wpb_text_column\"><div class=\"wpb_wrapper\"><div class=\"wpb_text_column\">\n<div class=\"wpb_wrapper\">\n<p>Es una l\u00ednea de trabajo que hace un seguimiento y reflexiona sobre las nuevas orientaciones y tendencias que se est\u00e1n dando en el panorama audiovisual, tanto a nivel local como internacional. Es muy importante hacer un seguimiento y conocer los cambios que se est\u00e1n produciendo en los mercados audiovisuales. Como es bien sabido, el mundo audiovisual padece cambios constantemente y es necesario realizar una identificaci\u00f3n y an\u00e1lisis de las innovaciones que se dan en torno a los contenidos y formatos. Para ello, esta l\u00ednea de investigaci\u00f3n tiene como objetivo analizar el mercado, los productos, los g\u00e9neros, los formatos y los usos que pueden ser pioneros en la producci\u00f3n, puesta en pantalla y consumo de contenidos.<\/p>\n<p>Para poder realizar la detecci\u00f3n y an\u00e1lisis de\u00a0dichas tendencias e innovaciones se han definido tres \u00e1mbitos: el alumnado universitario (alumnos que se van y vienen a trav\u00e9s de programas de movilidad internacional), los creadores vascos y profesionales de otros \u00e1mbitos en el extranjero a trav\u00e9s del Instituto Etxepare y, los m\u00e1s especiales por cualificaci\u00f3n, los profesionales del mundo audiovisual de origen vasco pero residentes en el extranjero. Para recoger informaci\u00f3n se realizan encuestas online y entrevistas en profundidad.<\/p>\n<p>Si quieres que evaluemos o que testeemos alg\u00fan producto audiovisual ponte en contacto con nosotros a trav\u00e9s del correo electr\u00f3nico <a href=\"mailto:ikusiker@ehu.eus\">ikusiker@ehu.eus<\/a><\/p>\n<\/div>\n<\/div>\n<\/div><\/div><\/div><\/div><\/div><\/div><\/div><\/section>\n","protected":false},"excerpt":{"rendered":"InicioP\u00e1ginas Es una l\u00ednea de trabajo que hace un seguimiento y reflexiona sobre las nuevas orientaciones y tendencias que se est\u00e1n dando en el panorama audiovisual, tanto a nivel local como internacional. Es muy importante hacer un seguimiento y conocer los cambios que se est\u00e1n produciendo en los mercados audiovisuales. Como es bien sabido, el...","protected":false},"author":1,"featured_media":0,"parent":0,"menu_order":0,"comment_status":"closed","ping_status":"closed","template":"","meta":{"_acf_changed":false,"footnotes":""},"class_list":["post-368","page","type-page","status-publish","hentry"],"acf":[],"_links":{"self":[{"href":"https:\/\/ikusiker.eus\/es\/wp-json\/wp\/v2\/pages\/368","targetHints":{"allow":["GET"]}}],"collection":[{"href":"https:\/\/ikusiker.eus\/es\/wp-json\/wp\/v2\/pages"}],"about":[{"href":"https:\/\/ikusiker.eus\/es\/wp-json\/wp\/v2\/types\/page"}],"author":[{"embeddable":true,"href":"https:\/\/ikusiker.eus\/es\/wp-json\/wp\/v2\/users\/1"}],"replies":[{"embeddable":true,"href":"https:\/\/ikusiker.eus\/es\/wp-json\/wp\/v2\/comments?post=368"}],"version-history":[{"count":3,"href":"https:\/\/ikusiker.eus\/es\/wp-json\/wp\/v2\/pages\/368\/revisions"}],"predecessor-version":[{"id":1405,"href":"https:\/\/ikusiker.eus\/es\/wp-json\/wp\/v2\/pages\/368\/revisions\/1405"}],"wp:attachment":[{"href":"https:\/\/ikusiker.eus\/es\/wp-json\/wp\/v2\/media?parent=368"}],"curies":[{"name":"wp","href":"https:\/\/api.w.org\/{rel}","templated":true}]}}