{"id":320,"date":"2022-05-02T11:28:38","date_gmt":"2022-05-02T10:28:38","guid":{"rendered":"http:\/\/ikusiker.eus\/guri-buruz\/"},"modified":"2022-06-29T12:28:54","modified_gmt":"2022-06-29T11:28:54","slug":"sobre-nosotros","status":"publish","type":"page","link":"https:\/\/ikusiker.eus\/es\/quienes-somos\/sobre-nosotros\/","title":{"rendered":"Sobre nosotros"},"content":{"rendered":"<section class=\"l-section wpb_row us_custom_9c1ae47d height_small with_img\"><div class=\"l-section-img\" role=\"img\" aria-label=\"Imagen\" data-img-width=\"1920\" data-img-height=\"124\" style=\"background-image: url(https:\/\/ikusiker.eus\/wp-content\/uploads\/2022\/05\/Breadcrumbs.png);background-position: bottom center;background-repeat: no-repeat;background-size: auto;\"><\/div><div class=\"l-section-h i-cf\"><div class=\"g-cols vc_row via_flex valign_top type_default stacking_default\"><div class=\"vc_col-sm-12 wpb_column vc_column_container\"><div class=\"vc_column-inner\"><div class=\"wpb_wrapper\"><nav class=\"g-breadcrumbs us_custom_6df4bc3a has_text_color separator_icon align_none\" itemscope itemtype=\"http:\/\/schema.org\/BreadcrumbList\"><div class=\"g-breadcrumbs-item\" itemscope itemprop=\"itemListElement\" itemtype=\"http:\/\/schema.org\/ListItem\"><a itemprop=\"item\" href=\"http:\/\/ikusiker.eus\/es\/\"><span itemprop=\"name\">Inicio<\/span><\/a><meta itemprop=\"position\" content=\"1\"\/><\/div><div class=\"g-breadcrumbs-separator\"><i class=\"far fa-angle-right\"><\/i><\/div><div class=\"g-breadcrumbs-item\">P\u00e1ginas<\/div><\/nav><\/div><\/div><\/div><\/div><\/div><\/section><section class=\"l-section wpb_row height_small\"><div class=\"l-section-h i-cf\"><div class=\"g-cols vc_row via_flex valign_top type_default stacking_default\"><div class=\"vc_col-sm-12 wpb_column vc_column_container\"><div class=\"vc_column-inner\"><div class=\"wpb_wrapper\"><h2 class=\"w-post-elm post_title entry-title color_link_inherit\">Sobre nosotros<\/h2><div class=\"wpb_text_column\"><div class=\"wpb_wrapper\"><p>El Observatorio Audiovisual Ikusiker es un observatorio que analiza los h\u00e1bitos, formas y tendencias de ver los contenidos audiovisuales y de usar las TIC o las Tecnolog\u00edas de la Informaci\u00f3n y la Comunicaci\u00f3n entre los j\u00f3venes. Ikusiker nace en el curso 2018\/2019 dentro del proyecto de investigaci\u00f3n Applika+ (US17\/40) iniciado por el Grupo de Investigaci\u00f3n NOR y EITB y es fruto de la colaboraci\u00f3n entre la UPV\/EHU, EITB, Tabakalera y el Observatorio Vasco de la Cultura.<\/p>\n<p>El Observatorio distingue tres l\u00edneas de investigaci\u00f3n en su trabajo:<\/p>\n<\/div><\/div>[vc_custom_heading text=\u00bbIKUSIKER\u00bb font_container=\u00bbtag:h3|text_align:left\u00bb use_theme_fonts=\u00bbyes\u00bb]<div class=\"wpb_text_column\"><div class=\"wpb_wrapper\"><p>Se trata de una l\u00ednea de investigaci\u00f3n que analiza el consumo audiovisual y el uso de las TIC entre la juventud vasca entre 11 a 23 a\u00f1os. El objetivo es analizar los cambios en el consumo de la informaci\u00f3n y la comunicaci\u00f3n y en especial en el audiovisual. Para realizar esta investigaci\u00f3n se utilizan dos t\u00e9cnicas en particular: la encuesta y el panel permanente. Este proyecto se compone de dos paneles diferentes: el panel universitario y el panel de Secundaria.<\/p>\n<p>El panel universitario est\u00e1 formado por alumnos de los tres campus de la Universidad del Pa\u00eds Vasco (UPV\/EHU) y estudiantes de la Universidad P\u00fablica de Navarra (UPNA\/UPNA). El panel de Secundaria est\u00e1 compuesto por ocho centros de Hego Euskal Herria: Assa Ikastola de Lapuebla de Labarca, Garc\u00e9s de los Fayos Ikastola de Tafalla, IES Iturrama de Pamplona, Larramendi Ikastola de Mungia, IES Mendebaldea de Vitoria, IES Oriarte de Lasarte-Oria, Santo Tom\u00e1s Lizeoa de Donostia y IES Solokoetxe de Bilbao.<\/p>\n<p>A estos dos paneles se dirigen cuestionarios sobre consumos audiovisuales y uso de las TIC, obteniendo resultados cuantitativos de los mismos. Los cuestionarios se gestionan a trav\u00e9s de la plataforma encuestafacil.com, cuyas bases de datos son explotadas por Aztiker Sociologia Ikergunea.<\/p>\n<\/div><\/div><div class=\"w-separator size_small with_line width_default thick_1 style_solid color_border align_center\"><div class=\"w-separator-h\"><\/div><\/div><div class=\"g-cols wpb_row via_flex valign_top type_default stacking_default\"><div class=\"vc_col-sm-1\/5 wpb_column vc_column_container\"><div class=\"vc_column-inner\"><div class=\"wpb_wrapper\"><div class=\"w-image align_none\"><a title=\"Ikustest\" href=\"\/ikustest\/\" aria-label=\"ikustest\" class=\"w-image-h\"><img decoding=\"async\" width=\"269\" height=\"144\" src=\"https:\/\/ikusiker.eus\/wp-content\/uploads\/2022\/05\/ikustest.png\" class=\"attachment-full size-full\" alt=\"\" loading=\"lazy\" \/><\/a><\/div><\/div><\/div><\/div><div class=\"vc_col-sm-1\/5 wpb_column vc_column_container\"><div class=\"vc_column-inner\"><div class=\"wpb_wrapper\"><div class=\"w-image align_none\"><a title=\"Ikustest\" href=\"\/ikusarea\/\" aria-label=\"ikusarea\" class=\"w-image-h\"><img decoding=\"async\" width=\"316\" height=\"144\" src=\"https:\/\/ikusiker.eus\/wp-content\/uploads\/2022\/05\/ikusarea.png\" class=\"attachment-full size-full\" alt=\"\" loading=\"lazy\" srcset=\"https:\/\/ikusiker.eus\/wp-content\/uploads\/2022\/05\/ikusarea.png 316w, https:\/\/ikusiker.eus\/wp-content\/uploads\/2022\/05\/ikusarea-300x137.png 300w\" sizes=\"auto, (max-width: 316px) 100vw, 316px\" \/><\/a><\/div><\/div><\/div><\/div><div class=\"vc_col-sm-1\/5 wpb_column vc_column_container\"><div class=\"vc_column-inner\"><div class=\"wpb_wrapper\"><\/div><\/div><\/div><div class=\"vc_col-sm-1\/5 wpb_column vc_column_container\"><div class=\"vc_column-inner\"><div class=\"wpb_wrapper\"><\/div><\/div><\/div><div class=\"vc_col-sm-1\/5 wpb_column vc_column_container\"><div class=\"vc_column-inner\"><div class=\"wpb_wrapper\"><\/div><\/div><\/div><\/div><\/div><\/div><\/div><\/div><\/div><\/section>\n","protected":false},"excerpt":{"rendered":"InicioP\u00e1ginasSobre nosotrosEl Observatorio Audiovisual Ikusiker es un observatorio que analiza los h\u00e1bitos, formas y tendencias de ver los contenidos audiovisuales y de usar las TIC o las Tecnolog\u00edas de la Informaci\u00f3n y la Comunicaci\u00f3n entre los j\u00f3venes. Ikusiker nace en el curso 2018\/2019 dentro del proyecto de investigaci\u00f3n Applika+ (US17\/40) iniciado por el Grupo de...","protected":false},"author":1,"featured_media":0,"parent":353,"menu_order":0,"comment_status":"closed","ping_status":"closed","template":"","meta":{"_acf_changed":false,"footnotes":""},"class_list":["post-320","page","type-page","status-publish","hentry"],"acf":[],"_links":{"self":[{"href":"https:\/\/ikusiker.eus\/es\/wp-json\/wp\/v2\/pages\/320","targetHints":{"allow":["GET"]}}],"collection":[{"href":"https:\/\/ikusiker.eus\/es\/wp-json\/wp\/v2\/pages"}],"about":[{"href":"https:\/\/ikusiker.eus\/es\/wp-json\/wp\/v2\/types\/page"}],"author":[{"embeddable":true,"href":"https:\/\/ikusiker.eus\/es\/wp-json\/wp\/v2\/users\/1"}],"replies":[{"embeddable":true,"href":"https:\/\/ikusiker.eus\/es\/wp-json\/wp\/v2\/comments?post=320"}],"version-history":[{"count":3,"href":"https:\/\/ikusiker.eus\/es\/wp-json\/wp\/v2\/pages\/320\/revisions"}],"predecessor-version":[{"id":698,"href":"https:\/\/ikusiker.eus\/es\/wp-json\/wp\/v2\/pages\/320\/revisions\/698"}],"up":[{"embeddable":true,"href":"https:\/\/ikusiker.eus\/es\/wp-json\/wp\/v2\/pages\/353"}],"wp:attachment":[{"href":"https:\/\/ikusiker.eus\/es\/wp-json\/wp\/v2\/media?parent=320"}],"curies":[{"name":"wp","href":"https:\/\/api.w.org\/{rel}","templated":true}]}}